{"id":51,"date":"2022-09-02T01:09:56","date_gmt":"2022-09-01T23:09:56","guid":{"rendered":"https:\/\/dojo-kushanku.fr\/?page_id=51"},"modified":"2024-09-20T12:43:45","modified_gmt":"2024-09-20T10:43:45","slug":"informations","status":"publish","type":"page","link":"https:\/\/dojo-kushanku.fr\/?page_id=51","title":{"rendered":"Informations"},"content":{"rendered":"\t\t<div data-elementor-type=\"wp-page\" data-elementor-id=\"51\" class=\"elementor elementor-51\">\n\t\t\t\t\t\t\t\t\t<section class=\"elementor-section elementor-top-section elementor-element elementor-element-1847e3e elementor-section-boxed elementor-section-height-default elementor-section-height-default\" data-id=\"1847e3e\" data-element_type=\"section\">\n\t\t\t\t\t\t<div class=\"elementor-container elementor-column-gap-default\">\n\t\t\t\t\t<div class=\"elementor-column elementor-col-100 elementor-top-column elementor-element elementor-element-be96aad\" data-id=\"be96aad\" data-element_type=\"column\">\n\t\t\t<div class=\"elementor-widget-wrap elementor-element-populated\">\n\t\t\t\t\t\t\t\t<div class=\"elementor-element elementor-element-97392bd elementor-widget-divider--view-line elementor-widget elementor-widget-divider\" data-id=\"97392bd\" data-element_type=\"widget\" data-widget_type=\"divider.default\">\n\t\t\t\t<div class=\"elementor-widget-container\">\n\t\t\t<style>\/*! elementor - v3.15.0 - 09-08-2023 *\/\n.elementor-widget-divider{--divider-border-style:none;--divider-border-width:1px;--divider-color:#0c0d0e;--divider-icon-size:20px;--divider-element-spacing:10px;--divider-pattern-height:24px;--divider-pattern-size:20px;--divider-pattern-url:none;--divider-pattern-repeat:repeat-x}.elementor-widget-divider .elementor-divider{display:flex}.elementor-widget-divider .elementor-divider__text{font-size:15px;line-height:1;max-width:95%}.elementor-widget-divider .elementor-divider__element{margin:0 var(--divider-element-spacing);flex-shrink:0}.elementor-widget-divider .elementor-icon{font-size:var(--divider-icon-size)}.elementor-widget-divider .elementor-divider-separator{display:flex;margin:0;direction:ltr}.elementor-widget-divider--view-line_icon .elementor-divider-separator,.elementor-widget-divider--view-line_text .elementor-divider-separator{align-items:center}.elementor-widget-divider--view-line_icon .elementor-divider-separator:after,.elementor-widget-divider--view-line_icon .elementor-divider-separator:before,.elementor-widget-divider--view-line_text .elementor-divider-separator:after,.elementor-widget-divider--view-line_text .elementor-divider-separator:before{display:block;content:\"\";border-bottom:0;flex-grow:1;border-top:var(--divider-border-width) var(--divider-border-style) var(--divider-color)}.elementor-widget-divider--element-align-left .elementor-divider .elementor-divider-separator>.elementor-divider__svg:first-of-type{flex-grow:0;flex-shrink:100}.elementor-widget-divider--element-align-left .elementor-divider-separator:before{content:none}.elementor-widget-divider--element-align-left .elementor-divider__element{margin-left:0}.elementor-widget-divider--element-align-right .elementor-divider .elementor-divider-separator>.elementor-divider__svg:last-of-type{flex-grow:0;flex-shrink:100}.elementor-widget-divider--element-align-right .elementor-divider-separator:after{content:none}.elementor-widget-divider--element-align-right .elementor-divider__element{margin-right:0}.elementor-widget-divider:not(.elementor-widget-divider--view-line_text):not(.elementor-widget-divider--view-line_icon) .elementor-divider-separator{border-top:var(--divider-border-width) var(--divider-border-style) var(--divider-color)}.elementor-widget-divider--separator-type-pattern{--divider-border-style:none}.elementor-widget-divider--separator-type-pattern.elementor-widget-divider--view-line .elementor-divider-separator,.elementor-widget-divider--separator-type-pattern:not(.elementor-widget-divider--view-line) .elementor-divider-separator:after,.elementor-widget-divider--separator-type-pattern:not(.elementor-widget-divider--view-line) .elementor-divider-separator:before,.elementor-widget-divider--separator-type-pattern:not([class*=elementor-widget-divider--view]) .elementor-divider-separator{width:100%;min-height:var(--divider-pattern-height);-webkit-mask-size:var(--divider-pattern-size) 100%;mask-size:var(--divider-pattern-size) 100%;-webkit-mask-repeat:var(--divider-pattern-repeat);mask-repeat:var(--divider-pattern-repeat);background-color:var(--divider-color);-webkit-mask-image:var(--divider-pattern-url);mask-image:var(--divider-pattern-url)}.elementor-widget-divider--no-spacing{--divider-pattern-size:auto}.elementor-widget-divider--bg-round{--divider-pattern-repeat:round}.rtl .elementor-widget-divider .elementor-divider__text{direction:rtl}.e-con-inner>.elementor-widget-divider,.e-con>.elementor-widget-divider{width:var(--container-widget-width,100%);--flex-grow:var(--container-widget-flex-grow)}<\/style>\t\t<div class=\"elementor-divider\">\n\t\t\t<span class=\"elementor-divider-separator\">\n\t\t\t\t\t\t<\/span>\n\t\t<\/div>\n\t\t\t\t<\/div>\n\t\t\t\t<\/div>\n\t\t\t\t\t<\/div>\n\t\t<\/div>\n\t\t\t\t\t\t\t<\/div>\n\t\t<\/section>\n\t\t\t\t<section class=\"elementor-section elementor-top-section elementor-element elementor-element-e9fb7b6 elementor-section-boxed elementor-section-height-default elementor-section-height-default\" data-id=\"e9fb7b6\" data-element_type=\"section\">\n\t\t\t\t\t\t<div class=\"elementor-container elementor-column-gap-default\">\n\t\t\t\t\t<div class=\"elementor-column elementor-col-100 elementor-top-column elementor-element elementor-element-38d1ed2\" data-id=\"38d1ed2\" data-element_type=\"column\">\n\t\t\t<div class=\"elementor-widget-wrap elementor-element-populated\">\n\t\t\t\t\t\t\t\t<div class=\"elementor-element elementor-element-4c369ae elementor-widget elementor-widget-text-editor\" data-id=\"4c369ae\" data-element_type=\"widget\" data-widget_type=\"text-editor.default\">\n\t\t\t\t<div class=\"elementor-widget-container\">\n\t\t\t<style>\/*! elementor - v3.15.0 - 09-08-2023 *\/\n.elementor-widget-text-editor.elementor-drop-cap-view-stacked .elementor-drop-cap{background-color:#69727d;color:#fff}.elementor-widget-text-editor.elementor-drop-cap-view-framed .elementor-drop-cap{color:#69727d;border:3px solid;background-color:transparent}.elementor-widget-text-editor:not(.elementor-drop-cap-view-default) .elementor-drop-cap{margin-top:8px}.elementor-widget-text-editor:not(.elementor-drop-cap-view-default) .elementor-drop-cap-letter{width:1em;height:1em}.elementor-widget-text-editor .elementor-drop-cap{float:left;text-align:center;line-height:1;font-size:50px}.elementor-widget-text-editor .elementor-drop-cap-letter{display:inline-block}<\/style>\t\t\t\t<h1><span style=\"color: #ffffff;\">Le Dojo Kushanku<\/span><\/h1>\n<!-- \/wp:paragraph -->\n<div>\n\nLe Dojo Kushanku est un club de Karat\u00e9 affili\u00e9 \u00e0 l&rsquo;\u00e9cole \u00ab\u00a0Shodokan\u00a0\u00bb, \u00e9cole traditionnelle du Karat\u00e9 G\u014dj\u016b Ry\u016b d&rsquo;Okinawa, repr\u00e9sent\u00e9e par\u00a0Sense\u00ef Zenei Oshiro\u00a0en Europe et en France.<br>\n<BR>\n<div><span style=\"color: #d8d6d6;\"><span style=\"font-size: 11pt; line-height: 107%; font-family: Roboto;\">Le G\u014dj\u016b Ry\u016b est un style de karat\u00e9 traditionnel<\/span> r\u00e9put\u00e9 pour son exigence et son efficacit\u00e9.<\/span><\/div>\n<br>\n\n<div><span style=\"color: #FFFFFF;\"><span style=\"font-size: 11pt; line-height: 107%; font-family: Roboto;\">\nVous voulez apprendre \u00e0 vous d\u00e9fendre, faire du karat\u00e9 \/ Self d\u00e9fense ?\n<br><br>\nNous vous proposons un enseignement bas\u00e9 sur les fondamentaux du <b>karat\u00e9 G\u014dj\u016b Ry\u016b<\/b> (un des trois styles majeurs de cet art martial Okinawa\u00efen) \u00e0 travers des cours mixtes enfants (\u00e0 partir de 8\/9 ans), adolescents et adultes, tous niveaux dans une ambiance familiale et chaleureuse.\n<br><br>\nVous aurez \u00e9galement la possibilit\u00e9 de vous initier au travail des armes traditionnelles du <b>Kobudo<\/b> (Bo, Sa\u00ef, Nunchaku, Tonfa &#8230;)\n<br><br>\nVenez essayer\u2026\n<br><br>\n\n&nbsp;\n<div><\/div>\n<\/div>\n<\/div>\t\t\t\t\t\t<\/div>\n\t\t\t\t<\/div>\n\t\t\t\t\t<\/div>\n\t\t<\/div>\n\t\t\t\t\t\t\t<\/div>\n\t\t<\/section>\n\t\t\t\t<section class=\"elementor-section elementor-top-section elementor-element elementor-element-fb6b45c elementor-section-boxed elementor-section-height-default elementor-section-height-default\" data-id=\"fb6b45c\" data-element_type=\"section\">\n\t\t\t\t\t\t<div class=\"elementor-container elementor-column-gap-default\">\n\t\t\t\t\t<div class=\"elementor-column elementor-col-50 elementor-top-column elementor-element elementor-element-34af057\" data-id=\"34af057\" data-element_type=\"column\">\n\t\t\t<div class=\"elementor-widget-wrap elementor-element-populated\">\n\t\t\t\t\t\t\t\t<div class=\"elementor-element elementor-element-b370e63 elementor-widget elementor-widget-text-editor\" data-id=\"b370e63\" data-element_type=\"widget\" data-widget_type=\"text-editor.default\">\n\t\t\t\t<div class=\"elementor-widget-container\">\n\t\t\t\t\t\t\t<h4 style=\"margin: 12pt 0cm 0cm; text-align: justify;\"><span style=\"color: #ffffff; font-family: Roboto; font-size: 14pt;\">Horaires des cours :<\/span><\/h4><div><p style=\"margin: 0cm; text-align: justify;\"><span style=\"font-size: 11pt; font-family: Roboto;\">\u00a0 \u00a0 \u00a0Lundi (ou vendredi)\u00a0: Kobudo &#8211; 19h00 \u00e0 21h00<\/span><\/p><p style=\"margin: 0cm; text-align: justify;\"><span style=\"font-size: 11pt; font-family: Roboto;\">\u00a0 \u00a0 \u00a0Jeudi\u00a0: Karat\u00e9 \/ Self D\u00e9fense &#8211; 19h00 \u00e0 21h00<\/span><\/p><h4 style=\"margin: 12pt 0cm 0cm; text-align: justify;\"><span style=\"color: #ffffff; font-family: Roboto; font-size: 14pt;\">Contact :<\/span><\/h4><p style=\"margin: 0cm;\"><span style=\"font-size: 11pt; font-family: Roboto;\">\u00a0 \u00a0 \u00a0Email :\u00a0<a href=\"mailto:karate-kushanku@hotmail.fr\">karate-kushanku@hotmail.fr<\/a><\/span><\/p><\/div>\t\t\t\t\t\t<\/div>\n\t\t\t\t<\/div>\n\t\t\t\t\t<\/div>\n\t\t<\/div>\n\t\t\t\t<div class=\"elementor-column elementor-col-50 elementor-top-column elementor-element elementor-element-e2352b4\" data-id=\"e2352b4\" data-element_type=\"column\">\n\t\t\t<div class=\"elementor-widget-wrap elementor-element-populated\">\n\t\t\t\t\t\t\t\t<div class=\"elementor-element elementor-element-d8f870a elementor-widget elementor-widget-spacer\" data-id=\"d8f870a\" data-element_type=\"widget\" data-widget_type=\"spacer.default\">\n\t\t\t\t<div class=\"elementor-widget-container\">\n\t\t\t<style>\/*! elementor - v3.15.0 - 09-08-2023 *\/\n.elementor-column .elementor-spacer-inner{height:var(--spacer-size)}.e-con{--container-widget-width:100%}.e-con-inner>.elementor-widget-spacer,.e-con>.elementor-widget-spacer{width:var(--container-widget-width,var(--spacer-size));--align-self:var(--container-widget-align-self,initial);--flex-shrink:0}.e-con-inner>.elementor-widget-spacer>.elementor-widget-container,.e-con-inner>.elementor-widget-spacer>.elementor-widget-container>.elementor-spacer,.e-con>.elementor-widget-spacer>.elementor-widget-container,.e-con>.elementor-widget-spacer>.elementor-widget-container>.elementor-spacer{height:100%}.e-con-inner>.elementor-widget-spacer>.elementor-widget-container>.elementor-spacer>.elementor-spacer-inner,.e-con>.elementor-widget-spacer>.elementor-widget-container>.elementor-spacer>.elementor-spacer-inner{height:var(--container-widget-height,var(--spacer-size))}<\/style>\t\t<div class=\"elementor-spacer\">\n\t\t\t<div class=\"elementor-spacer-inner\"><\/div>\n\t\t<\/div>\n\t\t\t\t<\/div>\n\t\t\t\t<\/div>\n\t\t\t\t<div class=\"elementor-element elementor-element-2f05400 elementor-widget__width-initial elementor-widget elementor-widget-image\" data-id=\"2f05400\" data-element_type=\"widget\" data-widget_type=\"image.default\">\n\t\t\t\t<div class=\"elementor-widget-container\">\n\t\t\t<style>\/*! elementor - v3.15.0 - 09-08-2023 *\/\n.elementor-widget-image{text-align:center}.elementor-widget-image a{display:inline-block}.elementor-widget-image a img[src$=\".svg\"]{width:48px}.elementor-widget-image img{vertical-align:middle;display:inline-block}<\/style>\t\t\t\t\t\t\t\t\t\t\t\t<img loading=\"lazy\" decoding=\"async\" width=\"525\" height=\"481\" src=\"https:\/\/dojo-kushanku.fr\/wp-content\/uploads\/2022\/09\/Logo-Club-Karate-David-Plan-OK-1024x939.jpg\" class=\"attachment-large size-large wp-image-46\" alt=\"\" srcset=\"https:\/\/dojo-kushanku.fr\/wp-content\/uploads\/2022\/09\/Logo-Club-Karate-David-Plan-OK-1024x939.jpg 1024w, https:\/\/dojo-kushanku.fr\/wp-content\/uploads\/2022\/09\/Logo-Club-Karate-David-Plan-OK-300x275.jpg 300w, https:\/\/dojo-kushanku.fr\/wp-content\/uploads\/2022\/09\/Logo-Club-Karate-David-Plan-OK-768x704.jpg 768w, https:\/\/dojo-kushanku.fr\/wp-content\/uploads\/2022\/09\/Logo-Club-Karate-David-Plan-OK.jpg 1417w\" sizes=\"auto, 100vw\" \/>\t\t\t\t\t\t\t\t\t\t\t\t\t\t\t<\/div>\n\t\t\t\t<\/div>\n\t\t\t\t\t<\/div>\n\t\t<\/div>\n\t\t\t\t\t\t\t<\/div>\n\t\t<\/section>\n\t\t\t\t<section class=\"elementor-section elementor-top-section elementor-element elementor-element-1b645cc elementor-section-boxed elementor-section-height-default elementor-section-height-default\" data-id=\"1b645cc\" data-element_type=\"section\">\n\t\t\t\t\t\t<div class=\"elementor-container elementor-column-gap-default\">\n\t\t\t\t\t<div class=\"elementor-column elementor-col-100 elementor-top-column elementor-element elementor-element-b1327a3\" data-id=\"b1327a3\" data-element_type=\"column\">\n\t\t\t<div class=\"elementor-widget-wrap elementor-element-populated\">\n\t\t\t\t\t\t\t\t<div class=\"elementor-element elementor-element-1a4992e elementor-widget elementor-widget-spacer\" data-id=\"1a4992e\" data-element_type=\"widget\" data-widget_type=\"spacer.default\">\n\t\t\t\t<div class=\"elementor-widget-container\">\n\t\t\t\t\t<div class=\"elementor-spacer\">\n\t\t\t<div class=\"elementor-spacer-inner\"><\/div>\n\t\t<\/div>\n\t\t\t\t<\/div>\n\t\t\t\t<\/div>\n\t\t\t\t\t<\/div>\n\t\t<\/div>\n\t\t\t\t\t\t\t<\/div>\n\t\t<\/section>\n\t\t\t\t<section class=\"elementor-section elementor-top-section elementor-element elementor-element-4e7f6b5d elementor-section-boxed elementor-section-height-default elementor-section-height-default\" data-id=\"4e7f6b5d\" data-element_type=\"section\">\n\t\t\t\t\t\t<div class=\"elementor-container elementor-column-gap-default\">\n\t\t\t\t\t<div class=\"elementor-column elementor-col-100 elementor-top-column elementor-element elementor-element-25e06719\" data-id=\"25e06719\" data-element_type=\"column\">\n\t\t\t<div class=\"elementor-widget-wrap elementor-element-populated\">\n\t\t\t\t\t\t\t\t<div class=\"elementor-element elementor-element-6abe269e elementor-widget elementor-widget-text-editor\" data-id=\"6abe269e\" data-element_type=\"widget\" data-widget_type=\"text-editor.default\">\n\t\t\t\t<div class=\"elementor-widget-container\">\n\t\t\t\t\t\t\t<h1><span style=\"color: #ffffff;\">O\u00f9 nous trouver<\/span><\/h1><p><!-- \/wp:paragraph --><\/p>\t\t\t\t\t\t<\/div>\n\t\t\t\t<\/div>\n\t\t\t\t\t<\/div>\n\t\t<\/div>\n\t\t\t\t\t\t\t<\/div>\n\t\t<\/section>\n\t\t\t\t<section class=\"elementor-section elementor-top-section elementor-element elementor-element-8b8e4bf elementor-section-boxed elementor-section-height-default elementor-section-height-default\" data-id=\"8b8e4bf\" data-element_type=\"section\">\n\t\t\t\t\t\t<div class=\"elementor-container elementor-column-gap-default\">\n\t\t\t\t\t<div class=\"elementor-column elementor-col-100 elementor-top-column elementor-element elementor-element-cf61e08\" data-id=\"cf61e08\" data-element_type=\"column\">\n\t\t\t<div class=\"elementor-widget-wrap elementor-element-populated\">\n\t\t\t\t\t\t\t\t<div class=\"elementor-element elementor-element-88e2893 elementor-widget elementor-widget-google_maps\" data-id=\"88e2893\" data-element_type=\"widget\" data-widget_type=\"google_maps.default\">\n\t\t\t\t<div class=\"elementor-widget-container\">\n\t\t\t<style>\/*! elementor - v3.15.0 - 09-08-2023 *\/\n.elementor-widget-google_maps .elementor-widget-container{overflow:hidden}.elementor-widget-google_maps .elementor-custom-embed{line-height:0}.elementor-widget-google_maps iframe{height:300px}<\/style>\t\t<div class=\"elementor-custom-embed\">\n\t\t\t<iframe loading=\"lazy\"\n\t\t\t\t\tsrc=\"https:\/\/maps.google.com\/maps?q=Dojo%20Kushanku%2C%20Grasse&#038;t=m&#038;z=16&#038;output=embed&#038;iwloc=near\"\n\t\t\t\t\ttitle=\"Dojo Kushanku, Grasse\"\n\t\t\t\t\taria-label=\"Dojo Kushanku, Grasse\"\n\t\t\t><\/iframe>\n\t\t<\/div>\n\t\t\t\t<\/div>\n\t\t\t\t<\/div>\n\t\t\t\t\t<\/div>\n\t\t<\/div>\n\t\t\t\t\t\t\t<\/div>\n\t\t<\/section>\n\t\t\t\t<section class=\"elementor-section elementor-top-section elementor-element elementor-element-0cab6a6 elementor-section-boxed elementor-section-height-default elementor-section-height-default\" data-id=\"0cab6a6\" data-element_type=\"section\">\n\t\t\t\t\t\t<div class=\"elementor-container elementor-column-gap-default\">\n\t\t\t\t\t<div class=\"elementor-column elementor-col-100 elementor-top-column elementor-element elementor-element-b6553d1\" data-id=\"b6553d1\" data-element_type=\"column\">\n\t\t\t<div class=\"elementor-widget-wrap elementor-element-populated\">\n\t\t\t\t\t\t\t\t<section class=\"elementor-section elementor-inner-section elementor-element elementor-element-cf910f0 elementor-section-boxed elementor-section-height-default elementor-section-height-default\" data-id=\"cf910f0\" data-element_type=\"section\">\n\t\t\t\t\t\t<div class=\"elementor-container elementor-column-gap-default\">\n\t\t\t\t\t<div class=\"elementor-column elementor-col-50 elementor-inner-column elementor-element elementor-element-382c161\" data-id=\"382c161\" data-element_type=\"column\">\n\t\t\t<div class=\"elementor-widget-wrap elementor-element-populated\">\n\t\t\t\t\t\t\t\t<div class=\"elementor-element elementor-element-de4b986 elementor-widget elementor-widget-text-editor\" data-id=\"de4b986\" data-element_type=\"widget\" data-widget_type=\"text-editor.default\">\n\t\t\t\t<div class=\"elementor-widget-container\">\n\t\t\t\t\t\t\t<h3 style=\"padding-top: 1.5em;\"><span style=\"color: #d8d6d6;\">La salle Righetti se situe\u00a0<span style=\"text-decoration-line: underline;\">\u00e0 c\u00f4t\u00e9 de l&rsquo;\u00e9cole Drac\u00e9a<\/span>\u00a0:<\/span><\/h3><p style=\"font-size: 14px; text-align: center;\"><span style=\"font-weight: bold;\"><span style=\"color: #ffffff;\">9 Chemin du Lac<\/span><\/span><br \/><span style=\"font-weight: bold;\"><span style=\"color: #ffffff;\">06130 Plan de Grasse<\/span><\/span><\/p>\t\t\t\t\t\t<\/div>\n\t\t\t\t<\/div>\n\t\t\t\t\t<\/div>\n\t\t<\/div>\n\t\t\t\t<div class=\"elementor-column elementor-col-50 elementor-inner-column elementor-element elementor-element-0d36457\" data-id=\"0d36457\" data-element_type=\"column\">\n\t\t\t<div class=\"elementor-widget-wrap elementor-element-populated\">\n\t\t\t\t\t\t\t\t<div class=\"elementor-element elementor-element-537fad7 elementor-widget elementor-widget-image\" data-id=\"537fad7\" data-element_type=\"widget\" data-widget_type=\"image.default\">\n\t\t\t\t<div class=\"elementor-widget-container\">\n\t\t\t\t\t\t\t\t\t\t\t\t\t\t\t<img loading=\"lazy\" decoding=\"async\" width=\"525\" height=\"322\" src=\"https:\/\/dojo-kushanku.fr\/wp-content\/uploads\/2022\/09\/entree-dojo-1024x629.jpg\" class=\"attachment-large size-large wp-image-234\" alt=\"\" srcset=\"https:\/\/dojo-kushanku.fr\/wp-content\/uploads\/2022\/09\/entree-dojo-1024x629.jpg 1024w, https:\/\/dojo-kushanku.fr\/wp-content\/uploads\/2022\/09\/entree-dojo-300x184.jpg 300w, https:\/\/dojo-kushanku.fr\/wp-content\/uploads\/2022\/09\/entree-dojo-768x471.jpg 768w, https:\/\/dojo-kushanku.fr\/wp-content\/uploads\/2022\/09\/entree-dojo.jpg 1116w\" sizes=\"auto, 100vw\" \/>\t\t\t\t\t\t\t\t\t\t\t\t\t\t\t<\/div>\n\t\t\t\t<\/div>\n\t\t\t\t\t<\/div>\n\t\t<\/div>\n\t\t\t\t\t\t\t<\/div>\n\t\t<\/section>\n\t\t\t\t\t<\/div>\n\t\t<\/div>\n\t\t\t\t\t\t\t<\/div>\n\t\t<\/section>\n\t\t\t\t<section class=\"elementor-section elementor-top-section elementor-element elementor-element-0aa5785 elementor-section-boxed elementor-section-height-default elementor-section-height-default\" data-id=\"0aa5785\" data-element_type=\"section\">\n\t\t\t\t\t\t<div class=\"elementor-container elementor-column-gap-default\">\n\t\t\t\t\t<div class=\"elementor-column elementor-col-100 elementor-top-column elementor-element elementor-element-33e2faa\" data-id=\"33e2faa\" data-element_type=\"column\">\n\t\t\t<div class=\"elementor-widget-wrap elementor-element-populated\">\n\t\t\t\t\t\t\t\t<div class=\"elementor-element elementor-element-52380fb elementor-widget elementor-widget-spacer\" data-id=\"52380fb\" data-element_type=\"widget\" data-widget_type=\"spacer.default\">\n\t\t\t\t<div class=\"elementor-widget-container\">\n\t\t\t\t\t<div class=\"elementor-spacer\">\n\t\t\t<div class=\"elementor-spacer-inner\"><\/div>\n\t\t<\/div>\n\t\t\t\t<\/div>\n\t\t\t\t<\/div>\n\t\t\t\t\t<\/div>\n\t\t<\/div>\n\t\t\t\t\t\t\t<\/div>\n\t\t<\/section>\n\t\t\t\t\t\t\t<\/div>\n\t\t","protected":false},"excerpt":{"rendered":"<p>Le Dojo Kushanku Le Dojo Kushanku est un club de Karat\u00e9 affili\u00e9 \u00e0 l&rsquo;\u00e9cole \u00ab\u00a0Shodokan\u00a0\u00bb, \u00e9cole traditionnelle du Karat\u00e9 G\u014dj\u016b Ry\u016b d&rsquo;Okinawa, repr\u00e9sent\u00e9e par\u00a0Sense\u00ef Zenei Oshiro\u00a0en Europe et en France. Le G\u014dj\u016b Ry\u016b est un style de karat\u00e9 traditionnel r\u00e9put\u00e9 pour son exigence et son efficacit\u00e9. Vous voulez apprendre \u00e0 vous d\u00e9fendre, faire du karat\u00e9 &hellip; <\/p>\n<p class=\"link-more\"><a href=\"https:\/\/dojo-kushanku.fr\/?page_id=51\" class=\"more-link\">Continuer la lecture<span class=\"screen-reader-text\"> de &laquo;&nbsp;Informations&nbsp;&raquo;<\/span><\/a><\/p>\n","protected":false},"author":1,"featured_media":0,"parent":0,"menu_order":0,"comment_status":"closed","ping_status":"closed","template":"","meta":{"footnotes":""},"class_list":["post-51","page","type-page","status-publish","hentry"],"_links":{"self":[{"href":"https:\/\/dojo-kushanku.fr\/index.php?rest_route=\/wp\/v2\/pages\/51","targetHints":{"allow":["GET"]}}],"collection":[{"href":"https:\/\/dojo-kushanku.fr\/index.php?rest_route=\/wp\/v2\/pages"}],"about":[{"href":"https:\/\/dojo-kushanku.fr\/index.php?rest_route=\/wp\/v2\/types\/page"}],"author":[{"embeddable":true,"href":"https:\/\/dojo-kushanku.fr\/index.php?rest_route=\/wp\/v2\/users\/1"}],"replies":[{"embeddable":true,"href":"https:\/\/dojo-kushanku.fr\/index.php?rest_route=%2Fwp%2Fv2%2Fcomments&post=51"}],"version-history":[{"count":155,"href":"https:\/\/dojo-kushanku.fr\/index.php?rest_route=\/wp\/v2\/pages\/51\/revisions"}],"predecessor-version":[{"id":556,"href":"https:\/\/dojo-kushanku.fr\/index.php?rest_route=\/wp\/v2\/pages\/51\/revisions\/556"}],"wp:attachment":[{"href":"https:\/\/dojo-kushanku.fr\/index.php?rest_route=%2Fwp%2Fv2%2Fmedia&parent=51"}],"curies":[{"name":"wp","href":"https:\/\/api.w.org\/{rel}","templated":true}]}}