{"id":460,"date":"2023-07-26T00:43:26","date_gmt":"2023-07-25T22:43:26","guid":{"rendered":"https:\/\/dojo-kushanku.fr\/?page_id=460"},"modified":"2023-08-12T16:34:08","modified_gmt":"2023-08-12T14:34:08","slug":"lecole-shodokan","status":"publish","type":"page","link":"https:\/\/dojo-kushanku.fr\/?page_id=460","title":{"rendered":"L&rsquo;\u00e9cole Shodokan"},"content":{"rendered":"\t\t<div data-elementor-type=\"wp-page\" data-elementor-id=\"460\" class=\"elementor elementor-460\">\n\t\t\t\t\t\t\t\t\t<section class=\"elementor-section elementor-top-section elementor-element elementor-element-cb34684 elementor-section-boxed elementor-section-height-default elementor-section-height-default\" data-id=\"cb34684\" data-element_type=\"section\">\n\t\t\t\t\t\t<div class=\"elementor-container elementor-column-gap-default\">\n\t\t\t\t\t<div class=\"elementor-column elementor-col-100 elementor-top-column elementor-element elementor-element-993a5d0\" data-id=\"993a5d0\" data-element_type=\"column\">\n\t\t\t<div class=\"elementor-widget-wrap elementor-element-populated\">\n\t\t\t\t\t\t\t\t<div class=\"elementor-element elementor-element-412e0a8 elementor-widget-divider--view-line elementor-widget elementor-widget-divider\" data-id=\"412e0a8\" data-element_type=\"widget\" data-widget_type=\"divider.default\">\n\t\t\t\t<div class=\"elementor-widget-container\">\n\t\t\t<style>\/*! elementor - v3.15.0 - 09-08-2023 *\/\n.elementor-widget-divider{--divider-border-style:none;--divider-border-width:1px;--divider-color:#0c0d0e;--divider-icon-size:20px;--divider-element-spacing:10px;--divider-pattern-height:24px;--divider-pattern-size:20px;--divider-pattern-url:none;--divider-pattern-repeat:repeat-x}.elementor-widget-divider .elementor-divider{display:flex}.elementor-widget-divider .elementor-divider__text{font-size:15px;line-height:1;max-width:95%}.elementor-widget-divider .elementor-divider__element{margin:0 var(--divider-element-spacing);flex-shrink:0}.elementor-widget-divider .elementor-icon{font-size:var(--divider-icon-size)}.elementor-widget-divider .elementor-divider-separator{display:flex;margin:0;direction:ltr}.elementor-widget-divider--view-line_icon .elementor-divider-separator,.elementor-widget-divider--view-line_text .elementor-divider-separator{align-items:center}.elementor-widget-divider--view-line_icon .elementor-divider-separator:after,.elementor-widget-divider--view-line_icon .elementor-divider-separator:before,.elementor-widget-divider--view-line_text .elementor-divider-separator:after,.elementor-widget-divider--view-line_text .elementor-divider-separator:before{display:block;content:\"\";border-bottom:0;flex-grow:1;border-top:var(--divider-border-width) var(--divider-border-style) var(--divider-color)}.elementor-widget-divider--element-align-left .elementor-divider .elementor-divider-separator>.elementor-divider__svg:first-of-type{flex-grow:0;flex-shrink:100}.elementor-widget-divider--element-align-left .elementor-divider-separator:before{content:none}.elementor-widget-divider--element-align-left .elementor-divider__element{margin-left:0}.elementor-widget-divider--element-align-right .elementor-divider .elementor-divider-separator>.elementor-divider__svg:last-of-type{flex-grow:0;flex-shrink:100}.elementor-widget-divider--element-align-right .elementor-divider-separator:after{content:none}.elementor-widget-divider--element-align-right .elementor-divider__element{margin-right:0}.elementor-widget-divider:not(.elementor-widget-divider--view-line_text):not(.elementor-widget-divider--view-line_icon) .elementor-divider-separator{border-top:var(--divider-border-width) var(--divider-border-style) var(--divider-color)}.elementor-widget-divider--separator-type-pattern{--divider-border-style:none}.elementor-widget-divider--separator-type-pattern.elementor-widget-divider--view-line .elementor-divider-separator,.elementor-widget-divider--separator-type-pattern:not(.elementor-widget-divider--view-line) .elementor-divider-separator:after,.elementor-widget-divider--separator-type-pattern:not(.elementor-widget-divider--view-line) .elementor-divider-separator:before,.elementor-widget-divider--separator-type-pattern:not([class*=elementor-widget-divider--view]) .elementor-divider-separator{width:100%;min-height:var(--divider-pattern-height);-webkit-mask-size:var(--divider-pattern-size) 100%;mask-size:var(--divider-pattern-size) 100%;-webkit-mask-repeat:var(--divider-pattern-repeat);mask-repeat:var(--divider-pattern-repeat);background-color:var(--divider-color);-webkit-mask-image:var(--divider-pattern-url);mask-image:var(--divider-pattern-url)}.elementor-widget-divider--no-spacing{--divider-pattern-size:auto}.elementor-widget-divider--bg-round{--divider-pattern-repeat:round}.rtl .elementor-widget-divider .elementor-divider__text{direction:rtl}.e-con-inner>.elementor-widget-divider,.e-con>.elementor-widget-divider{width:var(--container-widget-width,100%);--flex-grow:var(--container-widget-flex-grow)}<\/style>\t\t<div class=\"elementor-divider\">\n\t\t\t<span class=\"elementor-divider-separator\">\n\t\t\t\t\t\t<\/span>\n\t\t<\/div>\n\t\t\t\t<\/div>\n\t\t\t\t<\/div>\n\t\t\t\t\t<\/div>\n\t\t<\/div>\n\t\t\t\t\t\t\t<\/div>\n\t\t<\/section>\n\t\t\t\t<section class=\"elementor-section elementor-top-section elementor-element elementor-element-ec380d5 elementor-section-boxed elementor-section-height-default elementor-section-height-default\" data-id=\"ec380d5\" data-element_type=\"section\">\n\t\t\t\t\t\t<div class=\"elementor-container elementor-column-gap-default\">\n\t\t\t\t\t<div class=\"elementor-column elementor-col-100 elementor-top-column elementor-element elementor-element-3a9d25d\" data-id=\"3a9d25d\" data-element_type=\"column\">\n\t\t\t<div class=\"elementor-widget-wrap elementor-element-populated\">\n\t\t\t\t\t\t\t\t<div class=\"elementor-element elementor-element-ec4da6f elementor-widget elementor-widget-text-editor\" data-id=\"ec4da6f\" data-element_type=\"widget\" data-widget_type=\"text-editor.default\">\n\t\t\t\t<div class=\"elementor-widget-container\">\n\t\t\t<style>\/*! elementor - v3.15.0 - 09-08-2023 *\/\n.elementor-widget-text-editor.elementor-drop-cap-view-stacked .elementor-drop-cap{background-color:#69727d;color:#fff}.elementor-widget-text-editor.elementor-drop-cap-view-framed .elementor-drop-cap{color:#69727d;border:3px solid;background-color:transparent}.elementor-widget-text-editor:not(.elementor-drop-cap-view-default) .elementor-drop-cap{margin-top:8px}.elementor-widget-text-editor:not(.elementor-drop-cap-view-default) .elementor-drop-cap-letter{width:1em;height:1em}.elementor-widget-text-editor .elementor-drop-cap{float:left;text-align:center;line-height:1;font-size:50px}.elementor-widget-text-editor .elementor-drop-cap-letter{display:inline-block}<\/style>\t\t\t\tNotre club de Karat\u00e9 pratique le style G\u014dj\u016b-ry\u016b de l&rsquo;\u00e9cole \u00ab\u00a0shodokan\u00a0\u00bb, \u00e9cole traditionnelle du Karat\u00e9 Goju-Ryu d&rsquo;Okinawa, repr\u00e9sent\u00e9e par Sense\u00ef Oshiro en Europe et en France \u00e0 travers l&rsquo;association OGSE (Okinawa Goju-Ryu Shodokan Europe).\t\t\t\t\t\t<\/div>\n\t\t\t\t<\/div>\n\t\t\t\t\t<\/div>\n\t\t<\/div>\n\t\t\t\t\t\t\t<\/div>\n\t\t<\/section>\n\t\t\t\t<section class=\"elementor-section elementor-top-section elementor-element elementor-element-8a4d98e elementor-section-boxed elementor-section-height-default elementor-section-height-default\" data-id=\"8a4d98e\" data-element_type=\"section\">\n\t\t\t\t\t\t<div class=\"elementor-container elementor-column-gap-default\">\n\t\t\t\t\t<div class=\"elementor-column elementor-col-100 elementor-top-column elementor-element elementor-element-87c73fa\" data-id=\"87c73fa\" data-element_type=\"column\">\n\t\t\t<div class=\"elementor-widget-wrap elementor-element-populated\">\n\t\t\t\t\t\t\t\t<div class=\"elementor-element elementor-element-a453203 elementor-widget-divider--view-line elementor-widget elementor-widget-divider\" data-id=\"a453203\" data-element_type=\"widget\" data-widget_type=\"divider.default\">\n\t\t\t\t<div class=\"elementor-widget-container\">\n\t\t\t\t\t<div class=\"elementor-divider\">\n\t\t\t<span class=\"elementor-divider-separator\">\n\t\t\t\t\t\t<\/span>\n\t\t<\/div>\n\t\t\t\t<\/div>\n\t\t\t\t<\/div>\n\t\t\t\t\t<\/div>\n\t\t<\/div>\n\t\t\t\t\t\t\t<\/div>\n\t\t<\/section>\n\t\t\t\t<section class=\"elementor-section elementor-top-section elementor-element elementor-element-7c85d87 elementor-section-boxed elementor-section-height-default elementor-section-height-default\" data-id=\"7c85d87\" data-element_type=\"section\">\n\t\t\t\t\t\t<div class=\"elementor-container elementor-column-gap-default\">\n\t\t\t\t\t<div class=\"elementor-column elementor-col-100 elementor-top-column elementor-element elementor-element-0a36cca\" data-id=\"0a36cca\" data-element_type=\"column\">\n\t\t\t<div class=\"elementor-widget-wrap elementor-element-populated\">\n\t\t\t\t\t\t\t\t<div class=\"elementor-element elementor-element-71c5c14 elementor-widget elementor-widget-text-editor\" data-id=\"71c5c14\" data-element_type=\"widget\" data-widget_type=\"text-editor.default\">\n\t\t\t\t<div class=\"elementor-widget-container\">\n\t\t\t\t\t\t\t<h1><span style=\"color: #ffffff;\">G\u00e9n\u00e9alogie du Karat\u00e9 Shodokan&#8230;<\/span><\/h1>\n<!-- \/wp:paragraph -->\t\t\t\t\t\t<\/div>\n\t\t\t\t<\/div>\n\t\t\t\t\t<\/div>\n\t\t<\/div>\n\t\t\t\t\t\t\t<\/div>\n\t\t<\/section>\n\t\t\t\t<section class=\"elementor-section elementor-top-section elementor-element elementor-element-8736e45 elementor-section-boxed elementor-section-height-default elementor-section-height-default\" data-id=\"8736e45\" data-element_type=\"section\">\n\t\t\t\t\t\t<div class=\"elementor-container elementor-column-gap-default\">\n\t\t\t\t\t<div class=\"elementor-column elementor-col-100 elementor-top-column elementor-element elementor-element-496b477\" data-id=\"496b477\" data-element_type=\"column\">\n\t\t\t<div class=\"elementor-widget-wrap elementor-element-populated\">\n\t\t\t\t\t\t\t\t<div class=\"elementor-element elementor-element-e405aa2 elementor-widget elementor-widget-image\" data-id=\"e405aa2\" data-element_type=\"widget\" data-widget_type=\"image.default\">\n\t\t\t\t<div class=\"elementor-widget-container\">\n\t\t\t<style>\/*! elementor - v3.15.0 - 09-08-2023 *\/\n.elementor-widget-image{text-align:center}.elementor-widget-image a{display:inline-block}.elementor-widget-image a img[src$=\".svg\"]{width:48px}.elementor-widget-image img{vertical-align:middle;display:inline-block}<\/style>\t\t\t\t\t\t\t\t\t\t\t\t<img loading=\"lazy\" decoding=\"async\" width=\"417\" height=\"449\" src=\"https:\/\/dojo-kushanku.fr\/wp-content\/uploads\/2023\/08\/genealogie1.jpg\" class=\"attachment-large size-large wp-image-478\" alt=\"\" srcset=\"https:\/\/dojo-kushanku.fr\/wp-content\/uploads\/2023\/08\/genealogie1.jpg 417w, https:\/\/dojo-kushanku.fr\/wp-content\/uploads\/2023\/08\/genealogie1-279x300.jpg 279w\" sizes=\"auto, 100vw\" \/>\t\t\t\t\t\t\t\t\t\t\t\t\t\t\t<\/div>\n\t\t\t\t<\/div>\n\t\t\t\t\t<\/div>\n\t\t<\/div>\n\t\t\t\t\t\t\t<\/div>\n\t\t<\/section>\n\t\t\t\t<section class=\"elementor-section elementor-top-section elementor-element elementor-element-b9d9b11 elementor-section-boxed elementor-section-height-default elementor-section-height-default\" data-id=\"b9d9b11\" data-element_type=\"section\">\n\t\t\t\t\t\t<div class=\"elementor-container elementor-column-gap-default\">\n\t\t\t\t\t<div class=\"elementor-column elementor-col-100 elementor-top-column elementor-element elementor-element-42144bb\" data-id=\"42144bb\" data-element_type=\"column\">\n\t\t\t<div class=\"elementor-widget-wrap elementor-element-populated\">\n\t\t\t\t\t\t\t\t<div class=\"elementor-element elementor-element-599b473 elementor-widget elementor-widget-text-editor\" data-id=\"599b473\" data-element_type=\"widget\" data-widget_type=\"text-editor.default\">\n\t\t\t\t<div class=\"elementor-widget-container\">\n\t\t\t\t\t\t\t<em>Source :<\/em>\n<br>\n<a href=\"http:\/\/www.ogse.eu\/\" target=\"_blank\" rel=\"noopener\">http:\/\/www.ogse.eu\/<\/a>\n\n\t\t\t\t\t\t<\/div>\n\t\t\t\t<\/div>\n\t\t\t\t\t<\/div>\n\t\t<\/div>\n\t\t\t\t\t\t\t<\/div>\n\t\t<\/section>\n\t\t\t\t<section class=\"elementor-section elementor-top-section elementor-element elementor-element-09bc4a1 elementor-section-boxed elementor-section-height-default elementor-section-height-default\" data-id=\"09bc4a1\" data-element_type=\"section\">\n\t\t\t\t\t\t<div class=\"elementor-container elementor-column-gap-default\">\n\t\t\t\t\t<div class=\"elementor-column elementor-col-100 elementor-top-column elementor-element elementor-element-21f334f\" data-id=\"21f334f\" data-element_type=\"column\">\n\t\t\t<div class=\"elementor-widget-wrap elementor-element-populated\">\n\t\t\t\t\t\t\t\t<div class=\"elementor-element elementor-element-54f0af8 elementor-widget-divider--view-line elementor-widget elementor-widget-divider\" data-id=\"54f0af8\" data-element_type=\"widget\" data-widget_type=\"divider.default\">\n\t\t\t\t<div class=\"elementor-widget-container\">\n\t\t\t\t\t<div class=\"elementor-divider\">\n\t\t\t<span class=\"elementor-divider-separator\">\n\t\t\t\t\t\t<\/span>\n\t\t<\/div>\n\t\t\t\t<\/div>\n\t\t\t\t<\/div>\n\t\t\t\t\t<\/div>\n\t\t<\/div>\n\t\t\t\t\t\t\t<\/div>\n\t\t<\/section>\n\t\t\t\t<section class=\"elementor-section elementor-top-section elementor-element elementor-element-b4fc115 elementor-section-boxed elementor-section-height-default elementor-section-height-default\" data-id=\"b4fc115\" data-element_type=\"section\">\n\t\t\t\t\t\t<div class=\"elementor-container elementor-column-gap-default\">\n\t\t\t\t\t<div class=\"elementor-column elementor-col-100 elementor-top-column elementor-element elementor-element-bac236b\" data-id=\"bac236b\" data-element_type=\"column\">\n\t\t\t<div class=\"elementor-widget-wrap elementor-element-populated\">\n\t\t\t\t\t\t\t\t<div class=\"elementor-element elementor-element-0c15cc1 elementor-widget elementor-widget-text-editor\" data-id=\"0c15cc1\" data-element_type=\"widget\" data-widget_type=\"text-editor.default\">\n\t\t\t\t<div class=\"elementor-widget-container\">\n\t\t\t\t\t\t\t<h1><span style=\"color: #ffffff;\">Ma\u00eetre Zene\u00ef OSHIRO<\/span><\/h1>\n<!-- \/wp:paragraph -->\t\t\t\t\t\t<\/div>\n\t\t\t\t<\/div>\n\t\t\t\t\t<\/div>\n\t\t<\/div>\n\t\t\t\t\t\t\t<\/div>\n\t\t<\/section>\n\t\t\t\t<section class=\"elementor-section elementor-top-section elementor-element elementor-element-ae3110d elementor-section-boxed elementor-section-height-default elementor-section-height-default\" data-id=\"ae3110d\" data-element_type=\"section\">\n\t\t\t\t\t\t<div class=\"elementor-container elementor-column-gap-default\">\n\t\t\t\t\t<div class=\"elementor-column elementor-col-50 elementor-top-column elementor-element elementor-element-444d228\" data-id=\"444d228\" data-element_type=\"column\">\n\t\t\t<div class=\"elementor-widget-wrap elementor-element-populated\">\n\t\t\t\t\t\t\t\t<div class=\"elementor-element elementor-element-0e95bbf elementor-widget elementor-widget-text-editor\" data-id=\"0e95bbf\" data-element_type=\"widget\" data-widget_type=\"text-editor.default\">\n\t\t\t\t<div class=\"elementor-widget-container\">\n\t\t\t\t\t\t\t<p>NATIF D&rsquo;OKINAWA, n\u00e9 en 1953, 9e dan de Karat\u00e9 Goju-ryu et 9e dan de Kobudo de l&rsquo;\u00e9cole de Ma\u00eetre MATAYOSHI, Ma\u00eetre Zene\u00ef OSHIRO d\u00e9bute la pratique du Karat\u00e9 \u00e0 l&rsquo;\u00e2ge de 15 ans sous la f\u00e9rule de Ma\u00eetre Eiichi MIYAZATO, un des professeurs les plus r\u00e9put\u00e9s de l&rsquo;\u00eele. Ma\u00eetre MIYAZATO, qui enseigne le Goju-ryu, fut l&rsquo;un des \u00e9l\u00e8ves direct de Ma\u00eetre Chojun MIYAGI, le fondateur de cette \u00e9cole. A 18 ans, Zene\u00ef OSHIRO se lance dans l&rsquo;\u00e9tude du Kobudo avec Ma\u00eetre Shinpo MATAYOSHI. Il continu parall\u00e8lement \u00e0 pratiquer le Karat\u00e9 et, deux ans plus tard, entre \u00e0 l&rsquo;universit\u00e9. Il devient alors l&rsquo;\u00e9l\u00e8ve en Karat\u00e9 de Ma\u00eetre Seikichi HIGA, le fils du Ma\u00eetre Seiko HIGA. Il suit maintenant l&rsquo;enseignement de Ma\u00eetre Choyu KIYUNA.<\/p>\t\t\t\t\t\t<\/div>\n\t\t\t\t<\/div>\n\t\t\t\t\t<\/div>\n\t\t<\/div>\n\t\t\t\t<div class=\"elementor-column elementor-col-50 elementor-top-column elementor-element elementor-element-b30a823\" data-id=\"b30a823\" data-element_type=\"column\">\n\t\t\t<div class=\"elementor-widget-wrap elementor-element-populated\">\n\t\t\t\t\t\t\t\t<div class=\"elementor-element elementor-element-4e9d310 elementor-widget elementor-widget-image\" data-id=\"4e9d310\" data-element_type=\"widget\" data-widget_type=\"image.default\">\n\t\t\t\t<div class=\"elementor-widget-container\">\n\t\t\t\t\t\t\t\t\t\t\t\t\t\t\t<img loading=\"lazy\" decoding=\"async\" width=\"265\" height=\"228\" src=\"https:\/\/dojo-kushanku.fr\/wp-content\/uploads\/2023\/08\/Oshiro.jpg\" class=\"attachment-large size-large wp-image-479\" alt=\"\" sizes=\"auto, 100vw\" \/>\t\t\t\t\t\t\t\t\t\t\t\t\t\t\t<\/div>\n\t\t\t\t<\/div>\n\t\t\t\t\t<\/div>\n\t\t<\/div>\n\t\t\t\t\t\t\t<\/div>\n\t\t<\/section>\n\t\t\t\t<section class=\"elementor-section elementor-top-section elementor-element elementor-element-f2ff498 elementor-section-boxed elementor-section-height-default elementor-section-height-default\" data-id=\"f2ff498\" data-element_type=\"section\">\n\t\t\t\t\t\t<div class=\"elementor-container elementor-column-gap-default\">\n\t\t\t\t\t<div class=\"elementor-column elementor-col-100 elementor-top-column elementor-element elementor-element-ae33f93\" data-id=\"ae33f93\" data-element_type=\"column\">\n\t\t\t<div class=\"elementor-widget-wrap elementor-element-populated\">\n\t\t\t\t\t\t\t\t<div class=\"elementor-element elementor-element-d053210 elementor-widget elementor-widget-text-editor\" data-id=\"d053210\" data-element_type=\"widget\" data-widget_type=\"text-editor.default\">\n\t\t\t\t<div class=\"elementor-widget-container\">\n\t\t\t\t\t\t\t<p>\u00c0 25 ans, Ma\u00eetre Zene\u00ef OSHIRO part pour l&rsquo;Allemagne. Il enseignera pendant 4 ans \u00e0 D\u00fcsseldorf avant de retourner \u00e0 Okinawa.\u00a0<\/p><p>Finalement, en novembre 1986, Ma\u00eetre OSHIRO d\u00e9cide de revenir en Europe. Mais cette fois-ci, c&rsquo;est pour s&rsquo;installer en France, o\u00f9 il r\u00e9side depuis lors.<\/p><p>Ma\u00eetre OSHIRO est actuellement le responsable du Karat\u00e9 Goju-ryu \u00e0 la F\u00e9d\u00e9ration Fran\u00e7aise de Karat\u00e9 (FFK) et le repr\u00e9sentant de l&rsquo;\u00e9cole Shodokan pour toute l&rsquo;Europe.<br \/>Il est l&rsquo;expert technique de nombreux dojos en Europe : Portugal, Suisse, Russie, Italie, Allemagne et dans toute la France (Normandie, Centre, Aquitaine, Provence Alpes C\u00f4te d&rsquo;Azur, \u00cele de France et bien sur Alsace &#8230;).<\/p>\t\t\t\t\t\t<\/div>\n\t\t\t\t<\/div>\n\t\t\t\t\t<\/div>\n\t\t<\/div>\n\t\t\t\t\t\t\t<\/div>\n\t\t<\/section>\n\t\t\t\t<section class=\"elementor-section elementor-top-section elementor-element elementor-element-2c013f9 elementor-section-boxed elementor-section-height-default elementor-section-height-default\" data-id=\"2c013f9\" data-element_type=\"section\">\n\t\t\t\t\t\t<div class=\"elementor-container elementor-column-gap-default\">\n\t\t\t\t\t<div class=\"elementor-column elementor-col-100 elementor-top-column elementor-element elementor-element-f88fbc2\" data-id=\"f88fbc2\" data-element_type=\"column\">\n\t\t\t<div class=\"elementor-widget-wrap elementor-element-populated\">\n\t\t\t\t\t\t\t\t<div class=\"elementor-element elementor-element-626669b elementor-widget elementor-widget-text-editor\" data-id=\"626669b\" data-element_type=\"widget\" data-widget_type=\"text-editor.default\">\n\t\t\t\t<div class=\"elementor-widget-container\">\n\t\t\t\t\t\t\t<em>Source :<\/em>\n<br>\n<a href=\"https:\/\/www.karateclubmunster68.com\/le-karat%C3%A9-goju-ryu\/ma%C3%AEtre-zene%C3%AF-oshiro\" target=\"_blank\" rel=\"noopener\">https:\/\/www.karateclubmunster68.com\/le-karat%C3%A9-goju-ryu\/ma%C3%AEtre-zene%C3%AF-oshiro<\/a>\t\t\t\t\t\t<\/div>\n\t\t\t\t<\/div>\n\t\t\t\t\t<\/div>\n\t\t<\/div>\n\t\t\t\t\t\t\t<\/div>\n\t\t<\/section>\n\t\t\t\t\t\t\t<\/div>\n\t\t","protected":false},"excerpt":{"rendered":"<p>Notre club de Karat\u00e9 pratique le style G\u014dj\u016b-ry\u016b de l&rsquo;\u00e9cole \u00ab\u00a0shodokan\u00a0\u00bb, \u00e9cole traditionnelle du Karat\u00e9 Goju-Ryu d&rsquo;Okinawa, repr\u00e9sent\u00e9e par Sense\u00ef Oshiro en Europe et en France \u00e0 travers l&rsquo;association OGSE (Okinawa Goju-Ryu Shodokan Europe). G\u00e9n\u00e9alogie du Karat\u00e9 Shodokan&#8230; Source : http:\/\/www.ogse.eu\/ Ma\u00eetre Zene\u00ef OSHIRO NATIF D&rsquo;OKINAWA, n\u00e9 en 1953, 9e dan de Karat\u00e9 Goju-ryu et &hellip; <\/p>\n<p class=\"link-more\"><a href=\"https:\/\/dojo-kushanku.fr\/?page_id=460\" class=\"more-link\">Continuer la lecture<span class=\"screen-reader-text\"> de &laquo;&nbsp;L&rsquo;\u00e9cole Shodokan&nbsp;&raquo;<\/span><\/a><\/p>\n","protected":false},"author":1,"featured_media":0,"parent":0,"menu_order":0,"comment_status":"closed","ping_status":"closed","template":"","meta":{"footnotes":""},"class_list":["post-460","page","type-page","status-publish","hentry"],"_links":{"self":[{"href":"https:\/\/dojo-kushanku.fr\/index.php?rest_route=\/wp\/v2\/pages\/460","targetHints":{"allow":["GET"]}}],"collection":[{"href":"https:\/\/dojo-kushanku.fr\/index.php?rest_route=\/wp\/v2\/pages"}],"about":[{"href":"https:\/\/dojo-kushanku.fr\/index.php?rest_route=\/wp\/v2\/types\/page"}],"author":[{"embeddable":true,"href":"https:\/\/dojo-kushanku.fr\/index.php?rest_route=\/wp\/v2\/users\/1"}],"replies":[{"embeddable":true,"href":"https:\/\/dojo-kushanku.fr\/index.php?rest_route=%2Fwp%2Fv2%2Fcomments&post=460"}],"version-history":[{"count":13,"href":"https:\/\/dojo-kushanku.fr\/index.php?rest_route=\/wp\/v2\/pages\/460\/revisions"}],"predecessor-version":[{"id":492,"href":"https:\/\/dojo-kushanku.fr\/index.php?rest_route=\/wp\/v2\/pages\/460\/revisions\/492"}],"wp:attachment":[{"href":"https:\/\/dojo-kushanku.fr\/index.php?rest_route=%2Fwp%2Fv2%2Fmedia&parent=460"}],"curies":[{"name":"wp","href":"https:\/\/api.w.org\/{rel}","templated":true}]}}